{"id":399,"date":"2025-05-31T09:38:11","date_gmt":"2025-05-31T09:38:11","guid":{"rendered":"https:\/\/toumodi.net\/?page_id=399"},"modified":"2025-05-31T09:38:11","modified_gmt":"2025-05-31T09:38:11","slug":"qui-sommes-nous","status":"publish","type":"page","link":"https:\/\/toumodi.net\/index.php\/qui-sommes-nous\/","title":{"rendered":"Qui sommes-nous ?"},"content":{"rendered":"<div id=\"pl-399\"  class=\"panel-layout\" ><div id=\"pg-399-0\"  class=\"panel-grid panel-no-style\" ><div id=\"pgc-399-0-0\"  class=\"panel-grid-cell\" ><div id=\"panel-399-0-0-0\" class=\"so-panel widget widget_black-studio-tinymce widget_black_studio_tinymce panel-first-child panel-last-child\" data-index=\"0\" ><div class=\"textwidget\"><p>Toumodi.net est une plateforme d\u00e9di\u00e9e \u00e0 la valorisation de la ville de Toumodi et de ses environs. Cr\u00e9\u00e9 pour informer, connecter et inspirer, notre site web est une vitrine moderne de l'identit\u00e9 locale, ouverte au monde.<\/p>\n<p><strong>NOTRE MISSION<\/strong><\/p>\n<p>1- Informer de mani\u00e8re fiable et r\u00e9guli\u00e8re<br \/>\n2- Promouvoir les talents, les initiatives et les richesses locales<br \/>\n3- Renforcer le lien entre les fils et filles de la r\u00e9gion du B\u00e9lier, \u00e0 l\u2019int\u00e9rieur comme \u00e0 l\u2019ext\u00e9rieur<\/p>\n<\/div><\/div><\/div><\/div><\/div>","protected":false},"excerpt":{"rendered":"<p>Toumodi.net est une plateforme d\u00e9di\u00e9e \u00e0 la valorisation de la ville de Toumodi et de ses environs. Cr\u00e9\u00e9 pour informer, connecter et inspirer, notre site web est une vitrine moderne&hellip; <\/p>\n","protected":false},"author":1,"featured_media":0,"parent":0,"menu_order":0,"comment_status":"closed","ping_status":"closed","template":"","meta":{"footnotes":""},"class_list":["post-399","page","type-page","status-publish","hentry"],"aioseo_notices":[],"_links":{"self":[{"href":"https:\/\/toumodi.net\/index.php\/wp-json\/wp\/v2\/pages\/399","targetHints":{"allow":["GET"]}}],"collection":[{"href":"https:\/\/toumodi.net\/index.php\/wp-json\/wp\/v2\/pages"}],"about":[{"href":"https:\/\/toumodi.net\/index.php\/wp-json\/wp\/v2\/types\/page"}],"author":[{"embeddable":true,"href":"https:\/\/toumodi.net\/index.php\/wp-json\/wp\/v2\/users\/1"}],"replies":[{"embeddable":true,"href":"https:\/\/toumodi.net\/index.php\/wp-json\/wp\/v2\/comments?post=399"}],"version-history":[{"count":1,"href":"https:\/\/toumodi.net\/index.php\/wp-json\/wp\/v2\/pages\/399\/revisions"}],"predecessor-version":[{"id":400,"href":"https:\/\/toumodi.net\/index.php\/wp-json\/wp\/v2\/pages\/399\/revisions\/400"}],"wp:attachment":[{"href":"https:\/\/toumodi.net\/index.php\/wp-json\/wp\/v2\/media?parent=399"}],"curies":[{"name":"wp","href":"https:\/\/api.w.org\/{rel}","templated":true}]}}